{"id":2,"date":"2023-12-19T09:50:49","date_gmt":"2023-12-19T09:50:49","guid":{"rendered":"https:\/\/informatique-umons.be\/alternance\/?page_id=2"},"modified":"2024-03-07T13:47:01","modified_gmt":"2024-03-07T12:47:01","slug":"accueil","status":"publish","type":"page","link":"https:\/\/informatique-umons.be\/alternance\/","title":{"rendered":"Accueil"},"content":{"rendered":"\n<p>Le <strong>Master (en alternance) en Sciences Informatiques \u00e0 Finalit\u00e9 Sp\u00e9cialis\u00e9e Professionnelle<\/strong> de l&rsquo;UMONS combine cours universitaires, en horaire d\u00e9cal\u00e9 (le soir en semaine et le samedi matin), \u00e0 Charleroi et apprentissage en entreprise, sous la forme de 2 stages de 80 jours. Les \u00e9tudiants sont accueillis sous Convention d&rsquo;Immersion Professionnelle (stages r\u00e9mun\u00e9r\u00e9s).<\/p>\n\n\n\n<p><strong>Plus d&rsquo;informations<\/strong><br><em>Conditions d&rsquo;acc\u00e8s, public cible, programme des cours&#8230;<\/em><br><a href=\"https:\/\/web.umons.ac.be\/fs\/fr\/formations\/m2-infosp-c\/\">https:\/\/web.umons.ac.be\/fs\/fr\/formations\/m2-infosp-c\/<\/a><\/p>\n\n\n\n<blockquote class=\"wp-block-quote\">\n<p class=\"has-text-align-center\">Si vous \u00eates d\u00e9j\u00e0 employ\u00e9 par une entreprise,<br>sachez qu&rsquo;il est possible de r\u00e9aliser vos stages au sein de votre propre entreprise.<\/p>\n<\/blockquote>\n\n\n\n<p>Vous \u00eates une entreprise et vous d\u00e9sirez plus d&rsquo;informations sur les modalit\u00e9s du Master en alternance ?<br>Vous \u00eates \u00e9tudiant.e et l&rsquo;alternance vous tente ?<br><br><strong>Contactez<\/strong><br><a href=\"https:\/\/informatique-umons.be\/callut-vincent\/\">Vincent CALLUT<\/a><br><a href=\"mailto:vincent.callut@umons.ac.be\">vincent.callut@umons.ac.be<\/a><\/p>\n","protected":false},"excerpt":{"rendered":"<p>Le Master (en alternance) en Sciences Informatiques \u00e0 Finalit\u00e9 Sp\u00e9cialis\u00e9e Professionnelle de l&rsquo;UMONS combine cours universitaires, en horaire d\u00e9cal\u00e9 (le &hellip; <\/p>\n","protected":false},"author":2,"featured_media":0,"parent":0,"menu_order":0,"comment_status":"closed","ping_status":"closed","template":"","meta":{"footnotes":""},"_links":{"self":[{"href":"https:\/\/informatique-umons.be\/alternance\/wp-json\/wp\/v2\/pages\/2"}],"collection":[{"href":"https:\/\/informatique-umons.be\/alternance\/wp-json\/wp\/v2\/pages"}],"about":[{"href":"https:\/\/informatique-umons.be\/alternance\/wp-json\/wp\/v2\/types\/page"}],"author":[{"embeddable":true,"href":"https:\/\/informatique-umons.be\/alternance\/wp-json\/wp\/v2\/users\/2"}],"replies":[{"embeddable":true,"href":"https:\/\/informatique-umons.be\/alternance\/wp-json\/wp\/v2\/comments?post=2"}],"version-history":[{"count":18,"href":"https:\/\/informatique-umons.be\/alternance\/wp-json\/wp\/v2\/pages\/2\/revisions"}],"predecessor-version":[{"id":55,"href":"https:\/\/informatique-umons.be\/alternance\/wp-json\/wp\/v2\/pages\/2\/revisions\/55"}],"wp:attachment":[{"href":"https:\/\/informatique-umons.be\/alternance\/wp-json\/wp\/v2\/media?parent=2"}],"curies":[{"name":"wp","href":"https:\/\/api.w.org\/{rel}","templated":true}]}}