{"id":157,"date":"2024-02-14T11:52:19","date_gmt":"2024-02-14T10:52:19","guid":{"rendered":"https:\/\/informatique-umons.be\/buys-alain\/?page_id=157"},"modified":"2024-02-24T15:35:54","modified_gmt":"2024-02-24T14:35:54","slug":"test-de-tableau","status":"publish","type":"page","link":"https:\/\/informatique-umons.be\/buys-alain\/test-de-tableau\/","title":{"rendered":"Contact"},"content":{"rendered":"\n<p><\/p>\n\n\n\n<figure class=\"wp-block-image size-medium\"><img loading=\"lazy\" decoding=\"async\" width=\"150\" height=\"77\" src=\"https:\/\/informatique-umons.be\/buys-alain\/wp-content\/uploads\/sites\/8\/2024\/02\/UMONS_FS-150x77.jpg\" alt=\"\" class=\"wp-image-61\" srcset=\"https:\/\/informatique-umons.be\/buys-alain\/wp-content\/uploads\/sites\/8\/2024\/02\/UMONS_FS-150x77.jpg 150w, https:\/\/informatique-umons.be\/buys-alain\/wp-content\/uploads\/sites\/8\/2024\/02\/UMONS_FS-1024x524.jpg 1024w, https:\/\/informatique-umons.be\/buys-alain\/wp-content\/uploads\/sites\/8\/2024\/02\/UMONS_FS-768x393.jpg 768w, https:\/\/informatique-umons.be\/buys-alain\/wp-content\/uploads\/sites\/8\/2024\/02\/UMONS_FS-1536x787.jpg 1536w, https:\/\/informatique-umons.be\/buys-alain\/wp-content\/uploads\/sites\/8\/2024\/02\/UMONS_FS-2048x1049.jpg 2048w\" sizes=\"(max-width: 150px) 100vw, 150px\" \/><\/figure>\n\n\n<div class=\"wp-block-image\">\n<figure class=\"alignleft is-resized\"><img decoding=\"async\" src=\"https:\/\/informatique-umons.be\/buys-alain\/wp-content\/uploads\/sites\/8\/2024\/02\/myface-197x300.png\" alt=\"\" style=\"width:190px;height:auto\" \/><\/figure><\/div>\n\n\n<figure class=\"wp-block-table\"><table><tbody><tr><td><h2>Adresse <\/h2><br><ul>   <p>  <\/p><p>     Dr. Alain Buys<br>       <a href=\"http:\/\/informatique.umons.ac.be\">D\u00e9partement d&rsquo;Informatique<\/a>, Facult\u00e9 des Sciences<br>       <a href=\"http:\/\/www.umons.ac.be\">Universit\u00e9 de Mons<\/a> &#8211; UMONS<br>       B\u00e2timent Da Vinci, Bureau 2.16<br>                Avenue Maistriau, 15 <br>      7000 Mons, Belgique<br>      T\u00e9l: +32 65 37 3362      <\/p>  <\/ul><\/td><\/tr><\/tbody><\/table><\/figure>\n","protected":false},"excerpt":{"rendered":"<p>Adresse Dr. Alain Buys D\u00e9partement d&rsquo;Informatique, Facult\u00e9 des Sciences Universit\u00e9 de Mons &#8211; UMONS B\u00e2timent Da Vinci, Bureau 2.16 Avenue &hellip; <\/p>\n","protected":false},"author":8,"featured_media":0,"parent":0,"menu_order":5,"comment_status":"closed","ping_status":"closed","template":"template-home.php","meta":{"footnotes":""},"_links":{"self":[{"href":"https:\/\/informatique-umons.be\/buys-alain\/wp-json\/wp\/v2\/pages\/157"}],"collection":[{"href":"https:\/\/informatique-umons.be\/buys-alain\/wp-json\/wp\/v2\/pages"}],"about":[{"href":"https:\/\/informatique-umons.be\/buys-alain\/wp-json\/wp\/v2\/types\/page"}],"author":[{"embeddable":true,"href":"https:\/\/informatique-umons.be\/buys-alain\/wp-json\/wp\/v2\/users\/8"}],"replies":[{"embeddable":true,"href":"https:\/\/informatique-umons.be\/buys-alain\/wp-json\/wp\/v2\/comments?post=157"}],"version-history":[{"count":10,"href":"https:\/\/informatique-umons.be\/buys-alain\/wp-json\/wp\/v2\/pages\/157\/revisions"}],"predecessor-version":[{"id":230,"href":"https:\/\/informatique-umons.be\/buys-alain\/wp-json\/wp\/v2\/pages\/157\/revisions\/230"}],"wp:attachment":[{"href":"https:\/\/informatique-umons.be\/buys-alain\/wp-json\/wp\/v2\/media?parent=157"}],"curies":[{"name":"wp","href":"https:\/\/api.w.org\/{rel}","templated":true}]}}