{"id":184,"date":"2024-02-24T14:13:16","date_gmt":"2024-02-24T13:13:16","guid":{"rendered":"https:\/\/informatique-umons.be\/buys-alain\/?page_id=184"},"modified":"2024-02-24T14:42:29","modified_gmt":"2024-02-24T13:42:29","slug":"enseignement","status":"publish","type":"page","link":"https:\/\/informatique-umons.be\/buys-alain\/enseignement\/","title":{"rendered":"Enseignement"},"content":{"rendered":"\n<figure class=\"wp-block-image size-medium\"><img loading=\"lazy\" decoding=\"async\" width=\"150\" height=\"77\" src=\"https:\/\/informatique-umons.be\/buys-alain\/wp-content\/uploads\/sites\/8\/2024\/02\/UMONS_FS-150x77.jpg\" alt=\"\" class=\"wp-image-61\" srcset=\"https:\/\/informatique-umons.be\/buys-alain\/wp-content\/uploads\/sites\/8\/2024\/02\/UMONS_FS-150x77.jpg 150w, https:\/\/informatique-umons.be\/buys-alain\/wp-content\/uploads\/sites\/8\/2024\/02\/UMONS_FS-1024x524.jpg 1024w, https:\/\/informatique-umons.be\/buys-alain\/wp-content\/uploads\/sites\/8\/2024\/02\/UMONS_FS-768x393.jpg 768w, https:\/\/informatique-umons.be\/buys-alain\/wp-content\/uploads\/sites\/8\/2024\/02\/UMONS_FS-1536x787.jpg 1536w, https:\/\/informatique-umons.be\/buys-alain\/wp-content\/uploads\/sites\/8\/2024\/02\/UMONS_FS-2048x1049.jpg 2048w\" sizes=\"(max-width: 150px) 100vw, 150px\" \/><\/figure>\n\n\n<div class=\"wp-block-image\">\n<figure class=\"alignleft is-resized\"><img decoding=\"async\" src=\"https:\/\/informatique-umons.be\/buys-alain\/wp-content\/uploads\/sites\/8\/2024\/02\/myface-197x300.png\" alt=\"\" style=\"width:190px;height:auto\" \/><\/figure><\/div>\n\n\n<figure class=\"wp-block-table\"><table><tbody><tr><td> <h2>Enseignement<\/h2><ul><li><a href=\"http:\/\/applications.umons.ac.be\/web\/fr\/pde\/2023-2024\/ue\/US-M1-SCINFO-010-M.htm\">Cryptographie et S\u00e9curit\u00e9 des Syst\u00e8mes Informatiques<\/a> (depuis 2001)<\/li>\n<li><a href=\"http:\/\/applications.umons.ac.be\/web\/fr\/pde\/2023-2024\/ue\/US-B3-SCINFO-008-M.htm\">Simulation<\/a>  (depuis 2010)<\/li> <li>Langage SQL (partie des TP de <a href=\"http:\/\/applications.umons.ac.be\/web\/fr\/pde\/2023-2024\/aa\/S-INFO-100.htm\">Bases de donn\u00e9es I<\/a>, depuis 1999)<\/li> <li><a href=\"http:\/\/applications.umons.ac.be\/web\/fr\/pde\/2023-2024\/ue\/US-M1-INFO60-003-C.htm\">\nCryptographie et S\u00e9curit\u00e9 des Syst\u00e8mes Informatiques<\/a> en horaire d\u00e9cal\u00e9 \u00e0 Charleroi (depuis 2012)<\/li> <li> <a href=\"http:\/\/applications.umons.ac.be\/web\/fr\/pde\/2023-2024\/ue\/US-M1-SCINFO-289-M.htm\">\nAdvanced Operating Systems<\/a> (depuis 2018)<\/li>  <\/ul><h2>Publications<\/h2> <ul>Physique des particules  \u00e9l\u00e9mentaires\n<a href=\"..\/wp-content\/uploads\/sites\/8\/2024\/02\/publist.pdf\">(pdf)<\/a>   <\/ul> <ul> Liste de mes publications scientifiques \ndisponible sur le <a href=\"https:\/\/orbi.umons.ac.be\/simple-search?query=buys\">d\u00e9p\u00f4t institutionnel de l&rsquo;UMONS<\/a>\n(publications UMONS\/UMH seulement)<\/ul><\/td><\/tr><\/tbody><\/table><\/figure>\n","protected":false},"excerpt":{"rendered":"<p>Enseignement Cryptographie et S\u00e9curit\u00e9 des Syst\u00e8mes Informatiques (depuis 2001) Simulation (depuis 2010) Langage SQL (partie des TP de Bases de &hellip; <\/p>\n","protected":false},"author":8,"featured_media":0,"parent":0,"menu_order":3,"comment_status":"closed","ping_status":"closed","template":"template-home.php","meta":{"footnotes":""},"_links":{"self":[{"href":"https:\/\/informatique-umons.be\/buys-alain\/wp-json\/wp\/v2\/pages\/184"}],"collection":[{"href":"https:\/\/informatique-umons.be\/buys-alain\/wp-json\/wp\/v2\/pages"}],"about":[{"href":"https:\/\/informatique-umons.be\/buys-alain\/wp-json\/wp\/v2\/types\/page"}],"author":[{"embeddable":true,"href":"https:\/\/informatique-umons.be\/buys-alain\/wp-json\/wp\/v2\/users\/8"}],"replies":[{"embeddable":true,"href":"https:\/\/informatique-umons.be\/buys-alain\/wp-json\/wp\/v2\/comments?post=184"}],"version-history":[{"count":17,"href":"https:\/\/informatique-umons.be\/buys-alain\/wp-json\/wp\/v2\/pages\/184\/revisions"}],"predecessor-version":[{"id":202,"href":"https:\/\/informatique-umons.be\/buys-alain\/wp-json\/wp\/v2\/pages\/184\/revisions\/202"}],"wp:attachment":[{"href":"https:\/\/informatique-umons.be\/buys-alain\/wp-json\/wp\/v2\/media?parent=184"}],"curies":[{"name":"wp","href":"https:\/\/api.w.org\/{rel}","templated":true}]}}