{"id":2,"date":"2024-02-09T11:04:51","date_gmt":"2024-02-09T10:04:51","guid":{"rendered":"https:\/\/informatique-umons.be\/buys-alain\/?page_id=2"},"modified":"2024-02-11T16:43:38","modified_gmt":"2024-02-11T15:43:38","slug":"page-personnelle-dalain-buys","status":"publish","type":"page","link":"https:\/\/informatique-umons.be\/buys-alain\/","title":{"rendered":"R\u00e9sum\u00e9"},"content":{"rendered":"\n<figure class=\"wp-block-image size-medium is-resized\"><img loading=\"lazy\" decoding=\"async\" width=\"150\" height=\"43\" src=\"https:\/\/informatique-umons.be\/buys-alain\/wp-content\/uploads\/sites\/8\/2024\/02\/UMONS-150x43.jpg\" alt=\"\" class=\"wp-image-33\" style=\"width:200px\" srcset=\"https:\/\/informatique-umons.be\/buys-alain\/wp-content\/uploads\/sites\/8\/2024\/02\/UMONS-150x43.jpg 150w, https:\/\/informatique-umons.be\/buys-alain\/wp-content\/uploads\/sites\/8\/2024\/02\/UMONS-1024x297.jpg 1024w, https:\/\/informatique-umons.be\/buys-alain\/wp-content\/uploads\/sites\/8\/2024\/02\/UMONS-768x222.jpg 768w, https:\/\/informatique-umons.be\/buys-alain\/wp-content\/uploads\/sites\/8\/2024\/02\/UMONS.jpg 1464w\" sizes=\"(max-width: 150px) 100vw, 150px\" \/><\/figure>\n\n\n<div class=\"wp-block-image\">\n<figure class=\"alignleft size-medium is-resized\"><img loading=\"lazy\" decoding=\"async\" width=\"197\" height=\"300\" src=\"https:\/\/informatique-umons.be\/buys-alain\/wp-content\/uploads\/sites\/8\/2024\/02\/myface-197x300.png\" alt=\"\" class=\"wp-image-9\" style=\"width:215px;height:auto\" srcset=\"https:\/\/informatique-umons.be\/buys-alain\/wp-content\/uploads\/sites\/8\/2024\/02\/myface-197x300.png 197w, https:\/\/informatique-umons.be\/buys-alain\/wp-content\/uploads\/sites\/8\/2024\/02\/myface-672x1024.png 672w, https:\/\/informatique-umons.be\/buys-alain\/wp-content\/uploads\/sites\/8\/2024\/02\/myface.png 701w\" sizes=\"(max-width: 197px) 100vw, 197px\" \/><\/figure><\/div>\n\n\n<p> Apr\u00e8s un doctorat en Physique \u00e0 l&rsquo;Universit\u00e9 de Mons et une bourse du CERN \u00e0 Gen\u00e8ve, ma carri\u00e8re s&rsquo;est tourn\u00e9e vers l&rsquo;informatique, d&rsquo;abord dans l&rsquo;administration de syst\u00e8me, ensuite \u00e9galement dans l&rsquo;enseignement. <\/p>\n\n\n\n<p>Jusqu&rsquo;au 31\/01\/2011, j&rsquo;\u00e9tais chef de travaux au D\u00e9partement des ressources informatiques de  l&rsquo;<a href=\"http:\/\/www.umons.ac.be\">Universit\u00e9 de Mons (UMONS)<\/a>, travaillant essentiellement dans les technologies libres et \u00ab\u00a0open source\u00a0\u00bb. <\/p>\n\n\n\n<p>Depuis lors, je suis rattach\u00e9 au <a href=\"http:\/\/informatique.umons.ac.be\">D\u00e9partement d&rsquo;Informatique<\/a> de la Facult\u00e9 des Sciences, dans le service de   <a href=\"http:\/\/informatique.umons.ac.be\/networks\">R\u00e9seaux et T\u00e9l\u00e9communications<\/a>.  <\/p>\n","protected":false},"excerpt":{"rendered":"<p>Apr\u00e8s un doctorat en Physique \u00e0 l&rsquo;Universit\u00e9 de Mons et une bourse du CERN \u00e0 Gen\u00e8ve, ma carri\u00e8re s&rsquo;est tourn\u00e9e &hellip; <\/p>\n","protected":false},"author":8,"featured_media":0,"parent":0,"menu_order":1,"comment_status":"closed","ping_status":"closed","template":"","meta":{"footnotes":""},"_links":{"self":[{"href":"https:\/\/informatique-umons.be\/buys-alain\/wp-json\/wp\/v2\/pages\/2"}],"collection":[{"href":"https:\/\/informatique-umons.be\/buys-alain\/wp-json\/wp\/v2\/pages"}],"about":[{"href":"https:\/\/informatique-umons.be\/buys-alain\/wp-json\/wp\/v2\/types\/page"}],"author":[{"embeddable":true,"href":"https:\/\/informatique-umons.be\/buys-alain\/wp-json\/wp\/v2\/users\/8"}],"replies":[{"embeddable":true,"href":"https:\/\/informatique-umons.be\/buys-alain\/wp-json\/wp\/v2\/comments?post=2"}],"version-history":[{"count":39,"href":"https:\/\/informatique-umons.be\/buys-alain\/wp-json\/wp\/v2\/pages\/2\/revisions"}],"predecessor-version":[{"id":234,"href":"https:\/\/informatique-umons.be\/buys-alain\/wp-json\/wp\/v2\/pages\/2\/revisions\/234"}],"wp:attachment":[{"href":"https:\/\/informatique-umons.be\/buys-alain\/wp-json\/wp\/v2\/media?parent=2"}],"curies":[{"name":"wp","href":"https:\/\/api.w.org\/{rel}","templated":true}]}}