{"id":13,"date":"2024-03-28T16:14:52","date_gmt":"2024-03-28T15:14:52","guid":{"rendered":"https:\/\/informatique-umons.be\/networks\/service-de-reseaux-et-telecommunications\/"},"modified":"2024-04-15T15:43:05","modified_gmt":"2024-04-15T13:43:05","slug":"service-de-reseaux-et-telecommunications","status":"publish","type":"page","link":"https:\/\/informatique-umons.be\/networks\/fr\/","title":{"rendered":"Accueil"},"content":{"rendered":"\n<p>Le Service de R\u00e9seaux et T\u00e9l\u00e9communications m\u00e8ne des activit\u00e9s de recherche dans la conception et la simulation de protocoles de communication. Le service est dirig\u00e9 par le Prof. Bruno Quoitin et fait partie du D\u00e9partement d&rsquo;Informatique de la Facult\u00e9 des Sciences \u00e0 l&rsquo;Universit\u00e9 de Mons.<\/p>\n\n<p><span style=\"text-decoration: underline\">Contact<\/span>:<br\/>Prof. Bruno Quoitin<br\/>D\u00e9partement d&rsquo;Informatique (UMons)<br\/>Batiment De Vinci<br\/>Avenue Maistriau, 15<br\/>7000 MONS<br\/>BELGIUM<\/p>\n\n<p><\/p>\n","protected":false},"excerpt":{"rendered":"<p>Le Service de R\u00e9seaux et T\u00e9l\u00e9communications m\u00e8ne des activit\u00e9s de recherche dans la conception et la simulation de protocoles de &hellip; <\/p>\n","protected":false},"author":5,"featured_media":0,"parent":0,"menu_order":0,"comment_status":"closed","ping_status":"closed","template":"","meta":{"footnotes":""},"_links":{"self":[{"href":"https:\/\/informatique-umons.be\/networks\/fr\/wp-json\/wp\/v2\/pages\/13"}],"collection":[{"href":"https:\/\/informatique-umons.be\/networks\/fr\/wp-json\/wp\/v2\/pages"}],"about":[{"href":"https:\/\/informatique-umons.be\/networks\/fr\/wp-json\/wp\/v2\/types\/page"}],"author":[{"embeddable":true,"href":"https:\/\/informatique-umons.be\/networks\/fr\/wp-json\/wp\/v2\/users\/5"}],"replies":[{"embeddable":true,"href":"https:\/\/informatique-umons.be\/networks\/fr\/wp-json\/wp\/v2\/comments?post=13"}],"version-history":[{"count":9,"href":"https:\/\/informatique-umons.be\/networks\/fr\/wp-json\/wp\/v2\/pages\/13\/revisions"}],"predecessor-version":[{"id":50,"href":"https:\/\/informatique-umons.be\/networks\/fr\/wp-json\/wp\/v2\/pages\/13\/revisions\/50"}],"wp:attachment":[{"href":"https:\/\/informatique-umons.be\/networks\/fr\/wp-json\/wp\/v2\/media?parent=13"}],"curies":[{"name":"wp","href":"https:\/\/api.w.org\/{rel}","templated":true}]}}