{"id":26,"date":"2024-03-28T16:49:05","date_gmt":"2024-03-28T15:49:05","guid":{"rendered":"https:\/\/informatique-umons.be\/networks\/equipe\/"},"modified":"2024-04-18T15:20:03","modified_gmt":"2024-04-18T13:20:03","slug":"equipe","status":"publish","type":"page","link":"https:\/\/informatique-umons.be\/networks\/fr\/equipe\/","title":{"rendered":"Equipe"},"content":{"rendered":"\n<h3 class=\"wp-block-heading\">Membres permanents<\/h3>\n\n<ul>\n<li>Prof. <a href=\"http:\/\/informatique-umons.be\/quoitin-bruno\">Bruno QUOITIN<\/a>, Directeur du labo<\/li>\n\n\n\n<li>Prof. <a href=\"http:\/\/informatique-umons.be\/buys-alain\">Alain BUYS<\/a><\/li>\n<\/ul>\n\n<h3 class=\"wp-block-heading\">Doctorants<\/h3>\n\n<ul>\n<li>Jeremy DUBRULLE<\/li>\n\n\n\n<li>Phithak THAENKAEW (co-tutelle, IMT Nord Europe)<\/li>\n\n\n\n<li>Aqeel AHMED (chercheur <a href=\"https:\/\/www.cyberexcellence.be\/\">cyberexcellence<\/a>)<\/li>\n<\/ul>\n\n<h3 class=\"wp-block-heading\">Autres membres<\/h3>\n\n<ul>\n<li>Mehdi NASEH (chercheur<a href=\"https:\/\/6g.be\/\">BEL6GICA<\/a>, avec <a href=\"https:\/\/web.umons.ac.be\/tele\/en\/home\/\">Service d&rsquo;Electromagn\u00e9tisme et de T\u00e9l\u00e9communications<\/a>)<\/li>\n<\/ul>\n\n<h3 class=\"wp-block-heading\">Anciens membres<\/h3>\n\n<ul>\n<li>Ali HAJ-HASSAN (co-tutelle, Universit\u00e9 Polytechnique Hauts de France)<\/li>\n\n\n\n<li>David HAUWEELE (boursier FRIA, chercheur FEDER IDEES)<\/li>\n\n\n\n<li>Maximilien CHARLIER (boursier FRIA)<\/li>\n\n\n\n<li>Mathieu MICHEL (assistant)<\/li>\n\n\n\n<li>Stefan BEAUPORT (assistant)<\/li>\n\n\n\n<li>Gabriel Poggia (stagiaire)<\/li>\n\n\n\n<li>Pascal Martin-Prevel (stagiaire)<\/li>\n<\/ul>\n","protected":false},"excerpt":{"rendered":"<p>Membres permanents Doctorants Autres membres Anciens membres<\/p>\n","protected":false},"author":5,"featured_media":0,"parent":0,"menu_order":0,"comment_status":"closed","ping_status":"closed","template":"","meta":{"footnotes":""},"_links":{"self":[{"href":"https:\/\/informatique-umons.be\/networks\/fr\/wp-json\/wp\/v2\/pages\/26"}],"collection":[{"href":"https:\/\/informatique-umons.be\/networks\/fr\/wp-json\/wp\/v2\/pages"}],"about":[{"href":"https:\/\/informatique-umons.be\/networks\/fr\/wp-json\/wp\/v2\/types\/page"}],"author":[{"embeddable":true,"href":"https:\/\/informatique-umons.be\/networks\/fr\/wp-json\/wp\/v2\/users\/5"}],"replies":[{"embeddable":true,"href":"https:\/\/informatique-umons.be\/networks\/fr\/wp-json\/wp\/v2\/comments?post=26"}],"version-history":[{"count":17,"href":"https:\/\/informatique-umons.be\/networks\/fr\/wp-json\/wp\/v2\/pages\/26\/revisions"}],"predecessor-version":[{"id":65,"href":"https:\/\/informatique-umons.be\/networks\/fr\/wp-json\/wp\/v2\/pages\/26\/revisions\/65"}],"wp:attachment":[{"href":"https:\/\/informatique-umons.be\/networks\/fr\/wp-json\/wp\/v2\/media?parent=26"}],"curies":[{"name":"wp","href":"https:\/\/api.w.org\/{rel}","templated":true}]}}