{"id":2,"date":"2024-02-12T11:07:47","date_gmt":"2024-02-12T10:07:47","guid":{"rendered":"https:\/\/informatique-umons.be\/wijsen-jef\/?page_id=2"},"modified":"2024-09-17T16:59:32","modified_gmt":"2024-09-17T14:59:32","slug":"page-d-exemple","status":"publish","type":"page","link":"https:\/\/informatique-umons.be\/wijsen-jef\/","title":{"rendered":"Contact"},"content":{"rendered":"\n<div class=\"wp-block-columns is-layout-flex wp-container-core-columns-layout-1 wp-block-columns-is-layout-flex\">\n<div class=\"wp-block-column is-layout-flow wp-block-column-is-layout-flow\" style=\"flex-basis:33.33%\"><div class=\"wp-block-image\">\n<figure class=\"alignright size-large is-resized\"><img loading=\"lazy\" decoding=\"async\" width=\"768\" height=\"1024\" src=\"http:\/\/informatique-umons.be\/wijsen-jef\/wp-content\/uploads\/sites\/14\/2024\/03\/jef2-768x1024.jpg\" alt=\"Jef Wijsen\" class=\"wp-image-12\" style=\"width:225px;height:auto\" srcset=\"https:\/\/informatique-umons.be\/wijsen-jef\/wp-content\/uploads\/sites\/14\/2024\/03\/jef2-768x1024.jpg 768w, https:\/\/informatique-umons.be\/wijsen-jef\/wp-content\/uploads\/sites\/14\/2024\/03\/jef2-225x300.jpg 225w, https:\/\/informatique-umons.be\/wijsen-jef\/wp-content\/uploads\/sites\/14\/2024\/03\/jef2.jpg 840w\" sizes=\"(max-width: 768px) 100vw, 768px\" \/><\/figure><\/div><\/div>\n\n\n\n<div class=\"wp-block-column is-layout-flow wp-block-column-is-layout-flow\" style=\"flex-basis:66.66%\">\n<div class=\"wp-block-group is-layout-constrained wp-block-group-is-layout-constrained\"><div class=\"wp-block-group__inner-container\">\n<p class=\"has-text-align-center\"><strong>Jef Wijsen<\/strong><br>Universit\u00e9 de Mons, D\u00e9partement d&#8217;Informatique<br><a href=\"https:\/\/web.umons.ac.be\/sinf\/\">Service des Syst\u00e8mes d&#8217;Information<\/a> (SSI)<br>B\u00e2timent \u00abDe Vinci\u00bb (bureau 2008)<\/p>\n\n\n\n<p class=\"has-text-align-center\">Avenue Maistriau, 15<br>B-7000 Mons, Belgium<\/p>\n\n\n\n<p class=\"has-text-align-center\">Phone: +32-65-37 34 15<br>jef.wijsen at umons.ac.be<\/p>\n\n\n\n<p class=\"has-text-align-center\"><a href=\"https:\/\/orcid.org\/0000-0001-8216-273X\" data-type=\"link\" data-id=\"https:\/\/orcid.org\/0000-0001-8216-273X\" target=\"_blank\" rel=\"noreferrer noopener\">My ORCiD <\/a><\/p>\n<\/div><\/div>\n<\/div>\n<\/div>\n\n\n\n<p><strong>Jef Wijsen<\/strong> is a full professor at UMONS known for his contributions to database theory, particularly in the area of <strong>inconsistent databases<\/strong>. He is recognized for his work on <strong>consistent query answering (CQA)<\/strong>, focusing on how queries can be reliably answered even when the underlying database contains contradictory or conflicting data. He has published numerous papers in leading academic journals and conferences in the field of theoretical computer science and databases.<\/p>\n\n\n\n<p>Jef Wijsen&#8217;s publications and citations are listed by, respectively, <a href=\"https:\/\/dblp.org\/pid\/w\/JefWijsen.html\" target=\"_blank\" rel=\"noreferrer noopener\">dblp<\/a> and <a href=\"https:\/\/scholar.google.com\/citations?user=0DyWfVDU8zcC\">Google Scholar<\/a>.<\/p>\n","protected":false},"excerpt":{"rendered":"<p>Jef WijsenUniversit\u00e9 de Mons, D\u00e9partement d&#8217;InformatiqueService des Syst\u00e8mes d&#8217;Information (SSI)B\u00e2timent \u00abDe Vinci\u00bb (bureau 2008) Avenue Maistriau, 15B-7000 Mons, Belgium Phone: &hellip; <\/p>\n","protected":false},"author":6,"featured_media":0,"parent":0,"menu_order":0,"comment_status":"closed","ping_status":"open","template":"","meta":{"footnotes":""},"_links":{"self":[{"href":"https:\/\/informatique-umons.be\/wijsen-jef\/wp-json\/wp\/v2\/pages\/2"}],"collection":[{"href":"https:\/\/informatique-umons.be\/wijsen-jef\/wp-json\/wp\/v2\/pages"}],"about":[{"href":"https:\/\/informatique-umons.be\/wijsen-jef\/wp-json\/wp\/v2\/types\/page"}],"author":[{"embeddable":true,"href":"https:\/\/informatique-umons.be\/wijsen-jef\/wp-json\/wp\/v2\/users\/6"}],"replies":[{"embeddable":true,"href":"https:\/\/informatique-umons.be\/wijsen-jef\/wp-json\/wp\/v2\/comments?post=2"}],"version-history":[{"count":23,"href":"https:\/\/informatique-umons.be\/wijsen-jef\/wp-json\/wp\/v2\/pages\/2\/revisions"}],"predecessor-version":[{"id":91,"href":"https:\/\/informatique-umons.be\/wijsen-jef\/wp-json\/wp\/v2\/pages\/2\/revisions\/91"}],"wp:attachment":[{"href":"https:\/\/informatique-umons.be\/wijsen-jef\/wp-json\/wp\/v2\/media?parent=2"}],"curies":[{"name":"wp","href":"https:\/\/api.w.org\/{rel}","templated":true}]}}